{"id":1821,"date":"2024-05-20T12:00:30","date_gmt":"2024-05-20T12:00:30","guid":{"rendered":"https:\/\/lacyclerie-moliets.fr\/produit\/baby-van-remorque-enfant\/"},"modified":"2024-05-20T13:56:00","modified_gmt":"2024-05-20T13:56:00","slug":"baby-van-remorque-enfant","status":"publish","type":"product","link":"https:\/\/lacyclerie-moliets.fr\/es\/producto\/baby-van-remorque-enfant\/","title":{"rendered":"Furgoneta para beb\u00e9s (remolque para ni\u00f1os)"},"content":{"rendered":"","protected":false},"excerpt":{"rendered":"<p>Adaptable a todos los modelos excepto bicicletas de monta\u00f1a el\u00e9ctricas y t\u00e1ndems por seguridad. \u00a1Puedes llevar hasta dos ni\u00f1os de hasta 40 kg en esta aut\u00e9ntica cabina con ruedas!<\/p>","protected":false},"featured_media":1901,"template":"","meta":{"_monsterinsights_skip_tracking":false,"_monsterinsights_sitenote_active":false,"_monsterinsights_sitenote_note":"","_monsterinsights_sitenote_category":0,"site-sidebar-layout":"default","site-content-layout":"","ast-site-content-layout":"default","site-content-style":"default","site-sidebar-style":"default","ast-global-header-display":"","ast-banner-title-visibility":"","ast-main-header-display":"","ast-hfb-above-header-display":"","ast-hfb-below-header-display":"","ast-hfb-mobile-header-display":"","site-post-title":"","ast-breadcrumbs-content":"","ast-featured-img":"","footer-sml-layout":"","ast-disable-related-posts":"","theme-transparent-header-meta":"default","adv-header-id-meta":"","stick-header-meta":"","header-above-stick-meta":"","header-main-stick-meta":"","header-below-stick-meta":"","astra-migrate-meta-layouts":"set","ast-page-background-enabled":"default","ast-page-background-meta":{"desktop":{"background-color":"var(--ast-global-color-4)","background-image":"","background-repeat":"repeat","background-position":"center center","background-size":"auto","background-attachment":"scroll","background-type":"","background-media":"","overlay-type":"","overlay-color":"","overlay-opacity":"","overlay-gradient":""},"tablet":{"background-color":"","background-image":"","background-repeat":"repeat","background-position":"center center","background-size":"auto","background-attachment":"scroll","background-type":"","background-media":"","overlay-type":"","overlay-color":"","overlay-opacity":"","overlay-gradient":""},"mobile":{"background-color":"","background-image":"","background-repeat":"repeat","background-position":"center center","background-size":"auto","background-attachment":"scroll","background-type":"","background-media":"","overlay-type":"","overlay-color":"","overlay-opacity":"","overlay-gradient":""}},"ast-content-background-meta":{"desktop":{"background-color":"var(--ast-global-color-5)","background-image":"","background-repeat":"repeat","background-position":"center center","background-size":"auto","background-attachment":"scroll","background-type":"","background-media":"","overlay-type":"","overlay-color":"","overlay-opacity":"","overlay-gradient":""},"tablet":{"background-color":"var(--ast-global-color-5)","background-image":"","background-repeat":"repeat","background-position":"center center","background-size":"auto","background-attachment":"scroll","background-type":"","background-media":"","overlay-type":"","overlay-color":"","overlay-opacity":"","overlay-gradient":""},"mobile":{"background-color":"var(--ast-global-color-5)","background-image":"","background-repeat":"repeat","background-position":"center center","background-size":"auto","background-attachment":"scroll","background-type":"","background-media":"","overlay-type":"","overlay-color":"","overlay-opacity":"","overlay-gradient":""}}},"product_brand":[],"product_cat":[50],"product_tag":[],"class_list":{"0":"post-1821","1":"product","2":"type-product","3":"status-publish","4":"has-post-thumbnail","6":"product_cat-non-classe","7":"desktop-align-left","8":"tablet-align-left","9":"mobile-align-left","11":"first","12":"instock","13":"shipping-taxable","14":"purchasable","15":"product-type-simple"},"yoast_head":"<!-- This site is optimized with the Yoast SEO plugin v27.0 - https:\/\/yoast.com\/product\/yoast-seo-wordpress\/ -->\n<title>Baby van (remorque enfant) - La Cyclerie Moliets<\/title>\n<meta name=\"robots\" content=\"noindex, follow\" \/>\n<meta property=\"og:locale\" content=\"es_ES\" \/>\n<meta property=\"og:type\" content=\"article\" \/>\n<meta property=\"og:title\" content=\"Baby van (remorque enfant) - La Cyclerie Moliets\" \/>\n<meta property=\"og:description\" content=\"Adaptable \u00e0 tous les mod\u00e8les sauf VTT \u00e9lectriques et tandems pour la s\u00e9curit\u00e9. Vous pouvez embarquer jusqu\u2019\u00e0 deux de vos enfants pour un poids total de 40 kilos dans cette v\u00e9ritable cabane roulante !\" \/>\n<meta property=\"og:url\" content=\"https:\/\/lacyclerie-moliets.fr\/es\/producto\/baby-van-remorque-enfant\/\" \/>\n<meta property=\"og:site_name\" content=\"La Cyclerie Moliets\" \/>\n<meta property=\"article:modified_time\" content=\"2024-05-20T13:56:00+00:00\" \/>\n<meta property=\"og:image\" content=\"https:\/\/lacyclerie-moliets.fr\/wp-content\/uploads\/2024\/05\/BabyVan.jpg\" \/>\n\t<meta property=\"og:image:width\" content=\"507\" \/>\n\t<meta property=\"og:image:height\" content=\"395\" \/>\n\t<meta property=\"og:image:type\" content=\"image\/jpeg\" \/>\n<meta name=\"twitter:card\" content=\"summary_large_image\" \/>\n<script type=\"application\/ld+json\" class=\"yoast-schema-graph\">{\"@context\":\"https:\/\/schema.org\",\"@graph\":[{\"@type\":\"WebPage\",\"@id\":\"https:\/\/lacyclerie-moliets.fr\/produit\/baby-van-remorque-enfant\/\",\"url\":\"https:\/\/lacyclerie-moliets.fr\/produit\/baby-van-remorque-enfant\/\",\"name\":\"Baby van (remorque enfant) - La Cyclerie Moliets\",\"isPartOf\":{\"@id\":\"https:\/\/lacyclerie-moliets.fr\/#website\"},\"primaryImageOfPage\":{\"@id\":\"https:\/\/lacyclerie-moliets.fr\/produit\/baby-van-remorque-enfant\/#primaryimage\"},\"image\":{\"@id\":\"https:\/\/lacyclerie-moliets.fr\/produit\/baby-van-remorque-enfant\/#primaryimage\"},\"thumbnailUrl\":\"https:\/\/lacyclerie-moliets.fr\/wp-content\/uploads\/2024\/05\/BabyVan.jpg\",\"datePublished\":\"2024-05-20T12:00:30+00:00\",\"dateModified\":\"2024-05-20T13:56:00+00:00\",\"breadcrumb\":{\"@id\":\"https:\/\/lacyclerie-moliets.fr\/produit\/baby-van-remorque-enfant\/#breadcrumb\"},\"inLanguage\":\"es\",\"potentialAction\":[{\"@type\":\"ReadAction\",\"target\":[\"https:\/\/lacyclerie-moliets.fr\/produit\/baby-van-remorque-enfant\/\"]}]},{\"@type\":\"ImageObject\",\"inLanguage\":\"es\",\"@id\":\"https:\/\/lacyclerie-moliets.fr\/produit\/baby-van-remorque-enfant\/#primaryimage\",\"url\":\"https:\/\/lacyclerie-moliets.fr\/wp-content\/uploads\/2024\/05\/BabyVan.jpg\",\"contentUrl\":\"https:\/\/lacyclerie-moliets.fr\/wp-content\/uploads\/2024\/05\/BabyVan.jpg\",\"width\":507,\"height\":395},{\"@type\":\"BreadcrumbList\",\"@id\":\"https:\/\/lacyclerie-moliets.fr\/produit\/baby-van-remorque-enfant\/#breadcrumb\",\"itemListElement\":[{\"@type\":\"ListItem\",\"position\":1,\"name\":\"Accueil\",\"item\":\"https:\/\/lacyclerie-moliets.fr\/\"},{\"@type\":\"ListItem\",\"position\":2,\"name\":\"Boutique\",\"item\":\"https:\/\/lacyclerie-moliets.fr\/boutique\/\"},{\"@type\":\"ListItem\",\"position\":3,\"name\":\"Baby van (remorque enfant)\"}]},{\"@type\":\"WebSite\",\"@id\":\"https:\/\/lacyclerie-moliets.fr\/#website\",\"url\":\"https:\/\/lacyclerie-moliets.fr\/\",\"name\":\"La Cyclerie Moliets\",\"description\":\"Votre location de v\u00e9lo \u00e0 Moliets-et-Maa\",\"publisher\":{\"@id\":\"https:\/\/lacyclerie-moliets.fr\/#organization\"},\"potentialAction\":[{\"@type\":\"SearchAction\",\"target\":{\"@type\":\"EntryPoint\",\"urlTemplate\":\"https:\/\/lacyclerie-moliets.fr\/?s={search_term_string}\"},\"query-input\":{\"@type\":\"PropertyValueSpecification\",\"valueRequired\":true,\"valueName\":\"search_term_string\"}}],\"inLanguage\":\"es\"},{\"@type\":\"Organization\",\"@id\":\"https:\/\/lacyclerie-moliets.fr\/#organization\",\"name\":\"La Cyclerie Moliets\",\"url\":\"https:\/\/lacyclerie-moliets.fr\/\",\"logo\":{\"@type\":\"ImageObject\",\"inLanguage\":\"es\",\"@id\":\"https:\/\/lacyclerie-moliets.fr\/#\/schema\/logo\/image\/\",\"url\":\"https:\/\/lacyclerie-moliets.fr\/wp-content\/uploads\/2021\/08\/logos-la_cyclerie_moliets-negatif.png\",\"contentUrl\":\"https:\/\/lacyclerie-moliets.fr\/wp-content\/uploads\/2021\/08\/logos-la_cyclerie_moliets-negatif.png\",\"width\":1182,\"height\":1182,\"caption\":\"La Cyclerie Moliets\"},\"image\":{\"@id\":\"https:\/\/lacyclerie-moliets.fr\/#\/schema\/logo\/image\/\"}}]}<\/script>\n<!-- \/ Yoast SEO plugin. -->","yoast_head_json":{"title":"Baby van (remorque enfant) - La Cyclerie Moliets","robots":{"index":"noindex","follow":"follow"},"og_locale":"es_ES","og_type":"article","og_title":"Baby van (remorque enfant) - La Cyclerie Moliets","og_description":"Adaptable \u00e0 tous les mod\u00e8les sauf VTT \u00e9lectriques et tandems pour la s\u00e9curit\u00e9. Vous pouvez embarquer jusqu\u2019\u00e0 deux de vos enfants pour un poids total de 40 kilos dans cette v\u00e9ritable cabane roulante !","og_url":"https:\/\/lacyclerie-moliets.fr\/es\/producto\/baby-van-remorque-enfant\/","og_site_name":"La Cyclerie Moliets","article_modified_time":"2024-05-20T13:56:00+00:00","og_image":[{"width":507,"height":395,"url":"https:\/\/lacyclerie-moliets.fr\/wp-content\/uploads\/2024\/05\/BabyVan.jpg","type":"image\/jpeg"}],"twitter_card":"summary_large_image","schema":{"@context":"https:\/\/schema.org","@graph":[{"@type":"WebPage","@id":"https:\/\/lacyclerie-moliets.fr\/produit\/baby-van-remorque-enfant\/","url":"https:\/\/lacyclerie-moliets.fr\/produit\/baby-van-remorque-enfant\/","name":"Baby van (remorque enfant) - La Cyclerie Moliets","isPartOf":{"@id":"https:\/\/lacyclerie-moliets.fr\/#website"},"primaryImageOfPage":{"@id":"https:\/\/lacyclerie-moliets.fr\/produit\/baby-van-remorque-enfant\/#primaryimage"},"image":{"@id":"https:\/\/lacyclerie-moliets.fr\/produit\/baby-van-remorque-enfant\/#primaryimage"},"thumbnailUrl":"https:\/\/lacyclerie-moliets.fr\/wp-content\/uploads\/2024\/05\/BabyVan.jpg","datePublished":"2024-05-20T12:00:30+00:00","dateModified":"2024-05-20T13:56:00+00:00","breadcrumb":{"@id":"https:\/\/lacyclerie-moliets.fr\/produit\/baby-van-remorque-enfant\/#breadcrumb"},"inLanguage":"es","potentialAction":[{"@type":"ReadAction","target":["https:\/\/lacyclerie-moliets.fr\/produit\/baby-van-remorque-enfant\/"]}]},{"@type":"ImageObject","inLanguage":"es","@id":"https:\/\/lacyclerie-moliets.fr\/produit\/baby-van-remorque-enfant\/#primaryimage","url":"https:\/\/lacyclerie-moliets.fr\/wp-content\/uploads\/2024\/05\/BabyVan.jpg","contentUrl":"https:\/\/lacyclerie-moliets.fr\/wp-content\/uploads\/2024\/05\/BabyVan.jpg","width":507,"height":395},{"@type":"BreadcrumbList","@id":"https:\/\/lacyclerie-moliets.fr\/produit\/baby-van-remorque-enfant\/#breadcrumb","itemListElement":[{"@type":"ListItem","position":1,"name":"Accueil","item":"https:\/\/lacyclerie-moliets.fr\/"},{"@type":"ListItem","position":2,"name":"Boutique","item":"https:\/\/lacyclerie-moliets.fr\/boutique\/"},{"@type":"ListItem","position":3,"name":"Baby van (remorque enfant)"}]},{"@type":"WebSite","@id":"https:\/\/lacyclerie-moliets.fr\/#website","url":"https:\/\/lacyclerie-moliets.fr\/","name":"La Cyclerie Moliets","description":"Votre location de v\u00e9lo \u00e0 Moliets-et-Maa","publisher":{"@id":"https:\/\/lacyclerie-moliets.fr\/#organization"},"potentialAction":[{"@type":"SearchAction","target":{"@type":"EntryPoint","urlTemplate":"https:\/\/lacyclerie-moliets.fr\/?s={search_term_string}"},"query-input":{"@type":"PropertyValueSpecification","valueRequired":true,"valueName":"search_term_string"}}],"inLanguage":"es"},{"@type":"Organization","@id":"https:\/\/lacyclerie-moliets.fr\/#organization","name":"La Cyclerie Moliets","url":"https:\/\/lacyclerie-moliets.fr\/","logo":{"@type":"ImageObject","inLanguage":"es","@id":"https:\/\/lacyclerie-moliets.fr\/#\/schema\/logo\/image\/","url":"https:\/\/lacyclerie-moliets.fr\/wp-content\/uploads\/2021\/08\/logos-la_cyclerie_moliets-negatif.png","contentUrl":"https:\/\/lacyclerie-moliets.fr\/wp-content\/uploads\/2021\/08\/logos-la_cyclerie_moliets-negatif.png","width":1182,"height":1182,"caption":"La Cyclerie Moliets"},"image":{"@id":"https:\/\/lacyclerie-moliets.fr\/#\/schema\/logo\/image\/"}}]}},"_links":{"self":[{"href":"https:\/\/lacyclerie-moliets.fr\/es\/wp-json\/wp\/v2\/product\/1821","targetHints":{"allow":["GET"]}}],"collection":[{"href":"https:\/\/lacyclerie-moliets.fr\/es\/wp-json\/wp\/v2\/product"}],"about":[{"href":"https:\/\/lacyclerie-moliets.fr\/es\/wp-json\/wp\/v2\/types\/product"}],"wp:featuredmedia":[{"embeddable":true,"href":"https:\/\/lacyclerie-moliets.fr\/es\/wp-json\/wp\/v2\/media\/1901"}],"wp:attachment":[{"href":"https:\/\/lacyclerie-moliets.fr\/es\/wp-json\/wp\/v2\/media?parent=1821"}],"wp:term":[{"taxonomy":"product_brand","embeddable":true,"href":"https:\/\/lacyclerie-moliets.fr\/es\/wp-json\/wp\/v2\/product_brand?post=1821"},{"taxonomy":"product_cat","embeddable":true,"href":"https:\/\/lacyclerie-moliets.fr\/es\/wp-json\/wp\/v2\/product_cat?post=1821"},{"taxonomy":"product_tag","embeddable":true,"href":"https:\/\/lacyclerie-moliets.fr\/es\/wp-json\/wp\/v2\/product_tag?post=1821"}],"curies":[{"name":"wp","href":"https:\/\/api.w.org\/{rel}","templated":true}]}}