{"id":1818,"date":"2024-05-20T12:00:30","date_gmt":"2024-05-20T12:00:30","guid":{"rendered":"https:\/\/lacyclerie-moliets.fr\/produit\/big-brother-vtt-enfant-24\/"},"modified":"2024-06-24T17:38:47","modified_gmt":"2024-06-24T17:38:47","slug":"big-brother-vtt-enfant-24","status":"publish","type":"product","link":"https:\/\/lacyclerie-moliets.fr\/es\/producto\/big-brother-vtt-enfant-24\/","title":{"rendered":"Big Brother (VTT enfant 24&Prime;)"},"content":{"rendered":"","protected":false},"excerpt":{"rendered":"<p>Ideal para ciclistas de m\u00e1s de 1m35. La bicicleta de monta\u00f1a para los j\u00f3venes. Te seguir\u00e1n hasta las playas de Moliets o Vielle-st-Girons. Tambi\u00e9n es la bicicleta perfecta para disfrutar con los amigos en el camping o en las excursiones.<\/p>","protected":false},"featured_media":1013,"template":"","meta":{"_monsterinsights_skip_tracking":false,"_monsterinsights_sitenote_active":false,"_monsterinsights_sitenote_note":"","_monsterinsights_sitenote_category":0,"site-sidebar-layout":"default","site-content-layout":"","ast-site-content-layout":"default","site-content-style":"default","site-sidebar-style":"default","ast-global-header-display":"","ast-banner-title-visibility":"","ast-main-header-display":"","ast-hfb-above-header-display":"","ast-hfb-below-header-display":"","ast-hfb-mobile-header-display":"","site-post-title":"","ast-breadcrumbs-content":"","ast-featured-img":"","footer-sml-layout":"","ast-disable-related-posts":"","theme-transparent-header-meta":"default","adv-header-id-meta":"","stick-header-meta":"","header-above-stick-meta":"","header-main-stick-meta":"","header-below-stick-meta":"","astra-migrate-meta-layouts":"set","ast-page-background-enabled":"default","ast-page-background-meta":{"desktop":{"background-color":"var(--ast-global-color-4)","background-image":"","background-repeat":"repeat","background-position":"center center","background-size":"auto","background-attachment":"scroll","background-type":"","background-media":"","overlay-type":"","overlay-color":"","overlay-opacity":"","overlay-gradient":""},"tablet":{"background-color":"","background-image":"","background-repeat":"repeat","background-position":"center center","background-size":"auto","background-attachment":"scroll","background-type":"","background-media":"","overlay-type":"","overlay-color":"","overlay-opacity":"","overlay-gradient":""},"mobile":{"background-color":"","background-image":"","background-repeat":"repeat","background-position":"center center","background-size":"auto","background-attachment":"scroll","background-type":"","background-media":"","overlay-type":"","overlay-color":"","overlay-opacity":"","overlay-gradient":""}},"ast-content-background-meta":{"desktop":{"background-color":"var(--ast-global-color-5)","background-image":"","background-repeat":"repeat","background-position":"center center","background-size":"auto","background-attachment":"scroll","background-type":"","background-media":"","overlay-type":"","overlay-color":"","overlay-opacity":"","overlay-gradient":""},"tablet":{"background-color":"var(--ast-global-color-5)","background-image":"","background-repeat":"repeat","background-position":"center center","background-size":"auto","background-attachment":"scroll","background-type":"","background-media":"","overlay-type":"","overlay-color":"","overlay-opacity":"","overlay-gradient":""},"mobile":{"background-color":"var(--ast-global-color-5)","background-image":"","background-repeat":"repeat","background-position":"center center","background-size":"auto","background-attachment":"scroll","background-type":"","background-media":"","overlay-type":"","overlay-color":"","overlay-opacity":"","overlay-gradient":""}}},"product_brand":[],"product_cat":[50],"product_tag":[],"class_list":{"0":"post-1818","1":"product","2":"type-product","3":"status-publish","4":"has-post-thumbnail","6":"product_cat-non-classe","7":"desktop-align-left","8":"tablet-align-left","9":"mobile-align-left","11":"first","12":"instock","13":"shipping-taxable","14":"purchasable","15":"product-type-simple"},"yoast_head":"<!-- This site is optimized with the Yoast SEO plugin v27.0 - https:\/\/yoast.com\/product\/yoast-seo-wordpress\/ -->\n<title>Big Brother (VTT enfant 24&quot;) - La Cyclerie Moliets<\/title>\n<meta name=\"robots\" content=\"noindex, follow\" \/>\n<meta property=\"og:locale\" content=\"es_ES\" \/>\n<meta property=\"og:type\" content=\"article\" \/>\n<meta property=\"og:title\" content=\"Big Brother (VTT enfant 24&quot;) - La Cyclerie Moliets\" \/>\n<meta property=\"og:description\" content=\"Id\u00e9al \u00e0 partir de 1m35. Le VTT adapt\u00e9 pour les jeunes. Ils vous suivront partout jusqu\u2019aux plages de Moliets ou Vielle-st-Girons. Ce sera aussi le v\u00e9lo parfait pour qu\u2019ils s\u2019amusent entre amis au camping ou en sortie.\" \/>\n<meta property=\"og:url\" content=\"https:\/\/lacyclerie-moliets.fr\/es\/producto\/big-brother-vtt-enfant-24\/\" \/>\n<meta property=\"og:site_name\" content=\"La Cyclerie Moliets\" \/>\n<meta property=\"article:modified_time\" content=\"2024-06-24T17:38:47+00:00\" \/>\n<meta property=\"og:image\" content=\"https:\/\/lacyclerie-moliets.fr\/wp-content\/uploads\/2022\/12\/VTT-enfant-24\uf020-Moliets.png\" \/>\n\t<meta property=\"og:image:width\" content=\"800\" \/>\n\t<meta property=\"og:image:height\" content=\"544\" \/>\n\t<meta property=\"og:image:type\" content=\"image\/png\" \/>\n<meta name=\"twitter:card\" content=\"summary_large_image\" \/>\n<script type=\"application\/ld+json\" class=\"yoast-schema-graph\">{\"@context\":\"https:\/\/schema.org\",\"@graph\":[{\"@type\":\"WebPage\",\"@id\":\"https:\/\/lacyclerie-moliets.fr\/produit\/big-brother-vtt-enfant-24\/\",\"url\":\"https:\/\/lacyclerie-moliets.fr\/produit\/big-brother-vtt-enfant-24\/\",\"name\":\"Big Brother (VTT enfant 24\\\") - La Cyclerie Moliets\",\"isPartOf\":{\"@id\":\"https:\/\/lacyclerie-moliets.fr\/#website\"},\"primaryImageOfPage\":{\"@id\":\"https:\/\/lacyclerie-moliets.fr\/produit\/big-brother-vtt-enfant-24\/#primaryimage\"},\"image\":{\"@id\":\"https:\/\/lacyclerie-moliets.fr\/produit\/big-brother-vtt-enfant-24\/#primaryimage\"},\"thumbnailUrl\":\"https:\/\/lacyclerie-moliets.fr\/wp-content\/uploads\/2022\/12\/VTT-enfant-24\uf020-Moliets.png\",\"datePublished\":\"2024-05-20T12:00:30+00:00\",\"dateModified\":\"2024-06-24T17:38:47+00:00\",\"breadcrumb\":{\"@id\":\"https:\/\/lacyclerie-moliets.fr\/produit\/big-brother-vtt-enfant-24\/#breadcrumb\"},\"inLanguage\":\"es\",\"potentialAction\":[{\"@type\":\"ReadAction\",\"target\":[\"https:\/\/lacyclerie-moliets.fr\/produit\/big-brother-vtt-enfant-24\/\"]}]},{\"@type\":\"ImageObject\",\"inLanguage\":\"es\",\"@id\":\"https:\/\/lacyclerie-moliets.fr\/produit\/big-brother-vtt-enfant-24\/#primaryimage\",\"url\":\"https:\/\/lacyclerie-moliets.fr\/wp-content\/uploads\/2022\/12\/VTT-enfant-24\uf020-Moliets.png\",\"contentUrl\":\"https:\/\/lacyclerie-moliets.fr\/wp-content\/uploads\/2022\/12\/VTT-enfant-24\uf020-Moliets.png\",\"width\":800,\"height\":544},{\"@type\":\"BreadcrumbList\",\"@id\":\"https:\/\/lacyclerie-moliets.fr\/produit\/big-brother-vtt-enfant-24\/#breadcrumb\",\"itemListElement\":[{\"@type\":\"ListItem\",\"position\":1,\"name\":\"Accueil\",\"item\":\"https:\/\/lacyclerie-moliets.fr\/\"},{\"@type\":\"ListItem\",\"position\":2,\"name\":\"Boutique\",\"item\":\"https:\/\/lacyclerie-moliets.fr\/boutique\/\"},{\"@type\":\"ListItem\",\"position\":3,\"name\":\"Big Brother (VTT enfant 24&#8243;)\"}]},{\"@type\":\"WebSite\",\"@id\":\"https:\/\/lacyclerie-moliets.fr\/#website\",\"url\":\"https:\/\/lacyclerie-moliets.fr\/\",\"name\":\"La Cyclerie Moliets\",\"description\":\"Votre location de v\u00e9lo \u00e0 Moliets-et-Maa\",\"publisher\":{\"@id\":\"https:\/\/lacyclerie-moliets.fr\/#organization\"},\"potentialAction\":[{\"@type\":\"SearchAction\",\"target\":{\"@type\":\"EntryPoint\",\"urlTemplate\":\"https:\/\/lacyclerie-moliets.fr\/?s={search_term_string}\"},\"query-input\":{\"@type\":\"PropertyValueSpecification\",\"valueRequired\":true,\"valueName\":\"search_term_string\"}}],\"inLanguage\":\"es\"},{\"@type\":\"Organization\",\"@id\":\"https:\/\/lacyclerie-moliets.fr\/#organization\",\"name\":\"La Cyclerie Moliets\",\"url\":\"https:\/\/lacyclerie-moliets.fr\/\",\"logo\":{\"@type\":\"ImageObject\",\"inLanguage\":\"es\",\"@id\":\"https:\/\/lacyclerie-moliets.fr\/#\/schema\/logo\/image\/\",\"url\":\"https:\/\/lacyclerie-moliets.fr\/wp-content\/uploads\/2021\/08\/logos-la_cyclerie_moliets-negatif.png\",\"contentUrl\":\"https:\/\/lacyclerie-moliets.fr\/wp-content\/uploads\/2021\/08\/logos-la_cyclerie_moliets-negatif.png\",\"width\":1182,\"height\":1182,\"caption\":\"La Cyclerie Moliets\"},\"image\":{\"@id\":\"https:\/\/lacyclerie-moliets.fr\/#\/schema\/logo\/image\/\"}}]}<\/script>\n<!-- \/ Yoast SEO plugin. -->","yoast_head_json":{"title":"Big Brother (VTT enfant 24\") - La Cyclerie Moliets","robots":{"index":"noindex","follow":"follow"},"og_locale":"es_ES","og_type":"article","og_title":"Big Brother (VTT enfant 24\") - La Cyclerie Moliets","og_description":"Id\u00e9al \u00e0 partir de 1m35. Le VTT adapt\u00e9 pour les jeunes. Ils vous suivront partout jusqu\u2019aux plages de Moliets ou Vielle-st-Girons. Ce sera aussi le v\u00e9lo parfait pour qu\u2019ils s\u2019amusent entre amis au camping ou en sortie.","og_url":"https:\/\/lacyclerie-moliets.fr\/es\/producto\/big-brother-vtt-enfant-24\/","og_site_name":"La Cyclerie Moliets","article_modified_time":"2024-06-24T17:38:47+00:00","og_image":[{"width":800,"height":544,"url":"https:\/\/lacyclerie-moliets.fr\/wp-content\/uploads\/2022\/12\/VTT-enfant-24\uf020-Moliets.png","type":"image\/png"}],"twitter_card":"summary_large_image","schema":{"@context":"https:\/\/schema.org","@graph":[{"@type":"WebPage","@id":"https:\/\/lacyclerie-moliets.fr\/produit\/big-brother-vtt-enfant-24\/","url":"https:\/\/lacyclerie-moliets.fr\/produit\/big-brother-vtt-enfant-24\/","name":"Big Brother (VTT enfant 24\") - La Cyclerie Moliets","isPartOf":{"@id":"https:\/\/lacyclerie-moliets.fr\/#website"},"primaryImageOfPage":{"@id":"https:\/\/lacyclerie-moliets.fr\/produit\/big-brother-vtt-enfant-24\/#primaryimage"},"image":{"@id":"https:\/\/lacyclerie-moliets.fr\/produit\/big-brother-vtt-enfant-24\/#primaryimage"},"thumbnailUrl":"https:\/\/lacyclerie-moliets.fr\/wp-content\/uploads\/2022\/12\/VTT-enfant-24\uf020-Moliets.png","datePublished":"2024-05-20T12:00:30+00:00","dateModified":"2024-06-24T17:38:47+00:00","breadcrumb":{"@id":"https:\/\/lacyclerie-moliets.fr\/produit\/big-brother-vtt-enfant-24\/#breadcrumb"},"inLanguage":"es","potentialAction":[{"@type":"ReadAction","target":["https:\/\/lacyclerie-moliets.fr\/produit\/big-brother-vtt-enfant-24\/"]}]},{"@type":"ImageObject","inLanguage":"es","@id":"https:\/\/lacyclerie-moliets.fr\/produit\/big-brother-vtt-enfant-24\/#primaryimage","url":"https:\/\/lacyclerie-moliets.fr\/wp-content\/uploads\/2022\/12\/VTT-enfant-24\uf020-Moliets.png","contentUrl":"https:\/\/lacyclerie-moliets.fr\/wp-content\/uploads\/2022\/12\/VTT-enfant-24\uf020-Moliets.png","width":800,"height":544},{"@type":"BreadcrumbList","@id":"https:\/\/lacyclerie-moliets.fr\/produit\/big-brother-vtt-enfant-24\/#breadcrumb","itemListElement":[{"@type":"ListItem","position":1,"name":"Accueil","item":"https:\/\/lacyclerie-moliets.fr\/"},{"@type":"ListItem","position":2,"name":"Boutique","item":"https:\/\/lacyclerie-moliets.fr\/boutique\/"},{"@type":"ListItem","position":3,"name":"Big Brother (VTT enfant 24&#8243;)"}]},{"@type":"WebSite","@id":"https:\/\/lacyclerie-moliets.fr\/#website","url":"https:\/\/lacyclerie-moliets.fr\/","name":"La Cyclerie Moliets","description":"Votre location de v\u00e9lo \u00e0 Moliets-et-Maa","publisher":{"@id":"https:\/\/lacyclerie-moliets.fr\/#organization"},"potentialAction":[{"@type":"SearchAction","target":{"@type":"EntryPoint","urlTemplate":"https:\/\/lacyclerie-moliets.fr\/?s={search_term_string}"},"query-input":{"@type":"PropertyValueSpecification","valueRequired":true,"valueName":"search_term_string"}}],"inLanguage":"es"},{"@type":"Organization","@id":"https:\/\/lacyclerie-moliets.fr\/#organization","name":"La Cyclerie Moliets","url":"https:\/\/lacyclerie-moliets.fr\/","logo":{"@type":"ImageObject","inLanguage":"es","@id":"https:\/\/lacyclerie-moliets.fr\/#\/schema\/logo\/image\/","url":"https:\/\/lacyclerie-moliets.fr\/wp-content\/uploads\/2021\/08\/logos-la_cyclerie_moliets-negatif.png","contentUrl":"https:\/\/lacyclerie-moliets.fr\/wp-content\/uploads\/2021\/08\/logos-la_cyclerie_moliets-negatif.png","width":1182,"height":1182,"caption":"La Cyclerie Moliets"},"image":{"@id":"https:\/\/lacyclerie-moliets.fr\/#\/schema\/logo\/image\/"}}]}},"_links":{"self":[{"href":"https:\/\/lacyclerie-moliets.fr\/es\/wp-json\/wp\/v2\/product\/1818","targetHints":{"allow":["GET"]}}],"collection":[{"href":"https:\/\/lacyclerie-moliets.fr\/es\/wp-json\/wp\/v2\/product"}],"about":[{"href":"https:\/\/lacyclerie-moliets.fr\/es\/wp-json\/wp\/v2\/types\/product"}],"wp:featuredmedia":[{"embeddable":true,"href":"https:\/\/lacyclerie-moliets.fr\/es\/wp-json\/wp\/v2\/media\/1013"}],"wp:attachment":[{"href":"https:\/\/lacyclerie-moliets.fr\/es\/wp-json\/wp\/v2\/media?parent=1818"}],"wp:term":[{"taxonomy":"product_brand","embeddable":true,"href":"https:\/\/lacyclerie-moliets.fr\/es\/wp-json\/wp\/v2\/product_brand?post=1818"},{"taxonomy":"product_cat","embeddable":true,"href":"https:\/\/lacyclerie-moliets.fr\/es\/wp-json\/wp\/v2\/product_cat?post=1818"},{"taxonomy":"product_tag","embeddable":true,"href":"https:\/\/lacyclerie-moliets.fr\/es\/wp-json\/wp\/v2\/product_tag?post=1818"}],"curies":[{"name":"wp","href":"https:\/\/api.w.org\/{rel}","templated":true}]}}