{"id":1812,"date":"2024-05-20T12:00:30","date_gmt":"2024-05-20T12:00:30","guid":{"rendered":"https:\/\/lacyclerie-moliets.fr\/produit\/karma-xt-vtt-electrique\/"},"modified":"2024-06-24T17:41:16","modified_gmt":"2024-06-24T17:41:16","slug":"karma-xt-vtt-electrique","status":"publish","type":"product","link":"https:\/\/lacyclerie-moliets.fr\/es\/producto\/karma-xt-vtt-electrique\/","title":{"rendered":"KARMA XT (bicicleta el\u00e9ctrica de monta\u00f1a)"},"content":{"rendered":"","protected":false},"excerpt":{"rendered":"<p>Novedad 2021 Es dif\u00edcil imaginar una salida en bicicleta de monta\u00f1a en las Landas sin nuestro Karma XC. Esta VTTAE semirr\u00edgida es el modelo ideal para disfrutar de todo tipo de senderos benefici\u00e1ndose de un confort y una potencia m\u00e1ximos. Gracias a su asistencia Shimano, \u00a1podr\u00e1s explorar los bosques de las Landas de arriba abajo!<\/p>","protected":false},"featured_media":1411,"template":"","meta":{"_monsterinsights_skip_tracking":false,"_monsterinsights_sitenote_active":false,"_monsterinsights_sitenote_note":"","_monsterinsights_sitenote_category":0,"site-sidebar-layout":"default","site-content-layout":"","ast-site-content-layout":"default","site-content-style":"default","site-sidebar-style":"default","ast-global-header-display":"","ast-banner-title-visibility":"","ast-main-header-display":"","ast-hfb-above-header-display":"","ast-hfb-below-header-display":"","ast-hfb-mobile-header-display":"","site-post-title":"","ast-breadcrumbs-content":"","ast-featured-img":"","footer-sml-layout":"","ast-disable-related-posts":"","theme-transparent-header-meta":"default","adv-header-id-meta":"","stick-header-meta":"","header-above-stick-meta":"","header-main-stick-meta":"","header-below-stick-meta":"","astra-migrate-meta-layouts":"set","ast-page-background-enabled":"default","ast-page-background-meta":{"desktop":{"background-color":"var(--ast-global-color-4)","background-image":"","background-repeat":"repeat","background-position":"center center","background-size":"auto","background-attachment":"scroll","background-type":"","background-media":"","overlay-type":"","overlay-color":"","overlay-opacity":"","overlay-gradient":""},"tablet":{"background-color":"","background-image":"","background-repeat":"repeat","background-position":"center center","background-size":"auto","background-attachment":"scroll","background-type":"","background-media":"","overlay-type":"","overlay-color":"","overlay-opacity":"","overlay-gradient":""},"mobile":{"background-color":"","background-image":"","background-repeat":"repeat","background-position":"center center","background-size":"auto","background-attachment":"scroll","background-type":"","background-media":"","overlay-type":"","overlay-color":"","overlay-opacity":"","overlay-gradient":""}},"ast-content-background-meta":{"desktop":{"background-color":"var(--ast-global-color-5)","background-image":"","background-repeat":"repeat","background-position":"center center","background-size":"auto","background-attachment":"scroll","background-type":"","background-media":"","overlay-type":"","overlay-color":"","overlay-opacity":"","overlay-gradient":""},"tablet":{"background-color":"var(--ast-global-color-5)","background-image":"","background-repeat":"repeat","background-position":"center center","background-size":"auto","background-attachment":"scroll","background-type":"","background-media":"","overlay-type":"","overlay-color":"","overlay-opacity":"","overlay-gradient":""},"mobile":{"background-color":"var(--ast-global-color-5)","background-image":"","background-repeat":"repeat","background-position":"center center","background-size":"auto","background-attachment":"scroll","background-type":"","background-media":"","overlay-type":"","overlay-color":"","overlay-opacity":"","overlay-gradient":""}}},"product_brand":[],"product_cat":[50],"product_tag":[],"class_list":{"0":"post-1812","1":"product","2":"type-product","3":"status-publish","4":"has-post-thumbnail","6":"product_cat-non-classe","7":"desktop-align-left","8":"tablet-align-left","9":"mobile-align-left","11":"first","12":"instock","13":"shipping-taxable","14":"purchasable","15":"product-type-simple"},"yoast_head":"<!-- This site is optimized with the Yoast SEO plugin v27.0 - https:\/\/yoast.com\/product\/yoast-seo-wordpress\/ -->\n<title>KARMA XT (VTT \u00e9lectrique) - La Cyclerie Moliets<\/title>\n<meta name=\"robots\" content=\"noindex, follow\" \/>\n<meta property=\"og:locale\" content=\"es_ES\" \/>\n<meta property=\"og:type\" content=\"article\" \/>\n<meta property=\"og:title\" content=\"KARMA XT (VTT \u00e9lectrique) - La Cyclerie Moliets\" \/>\n<meta property=\"og:description\" content=\"Nouveaut\u00e9 2021 ! Difficile d\u2019imaginer une sortie VTT dans les Landes sans notre Karma XC. Ce VTTAE semi-rigide est le mod\u00e8le id\u00e9al pour profiter de tous les types de chemins tout en b\u00e9n\u00e9ficiant d\u2019un confort et d\u2019une puissance maximum. Gr\u00e2ce \u00e0 son assistance Shimano explorez de fond en combles nos for\u00eats landaises !\" \/>\n<meta property=\"og:url\" content=\"https:\/\/lacyclerie-moliets.fr\/es\/producto\/karma-xt-vtt-electrique\/\" \/>\n<meta property=\"og:site_name\" content=\"La Cyclerie Moliets\" \/>\n<meta property=\"article:modified_time\" content=\"2024-06-24T17:41:16+00:00\" \/>\n<meta property=\"og:image\" content=\"https:\/\/lacyclerie-moliets.fr\/wp-content\/uploads\/2023\/05\/Karma-XC-Boost-4.1-Brilliant-olive-green.png\" \/>\n\t<meta property=\"og:image:width\" content=\"1024\" \/>\n\t<meta property=\"og:image:height\" content=\"689\" \/>\n\t<meta property=\"og:image:type\" content=\"image\/png\" \/>\n<meta name=\"twitter:card\" content=\"summary_large_image\" \/>\n<script type=\"application\/ld+json\" class=\"yoast-schema-graph\">{\"@context\":\"https:\/\/schema.org\",\"@graph\":[{\"@type\":\"WebPage\",\"@id\":\"https:\/\/lacyclerie-moliets.fr\/produit\/karma-xt-vtt-electrique\/\",\"url\":\"https:\/\/lacyclerie-moliets.fr\/produit\/karma-xt-vtt-electrique\/\",\"name\":\"KARMA XT (VTT \u00e9lectrique) - La Cyclerie Moliets\",\"isPartOf\":{\"@id\":\"https:\/\/lacyclerie-moliets.fr\/#website\"},\"primaryImageOfPage\":{\"@id\":\"https:\/\/lacyclerie-moliets.fr\/produit\/karma-xt-vtt-electrique\/#primaryimage\"},\"image\":{\"@id\":\"https:\/\/lacyclerie-moliets.fr\/produit\/karma-xt-vtt-electrique\/#primaryimage\"},\"thumbnailUrl\":\"https:\/\/lacyclerie-moliets.fr\/wp-content\/uploads\/2023\/05\/Karma-XC-Boost-4.1-Brilliant-olive-green.png\",\"datePublished\":\"2024-05-20T12:00:30+00:00\",\"dateModified\":\"2024-06-24T17:41:16+00:00\",\"breadcrumb\":{\"@id\":\"https:\/\/lacyclerie-moliets.fr\/produit\/karma-xt-vtt-electrique\/#breadcrumb\"},\"inLanguage\":\"es\",\"potentialAction\":[{\"@type\":\"ReadAction\",\"target\":[\"https:\/\/lacyclerie-moliets.fr\/produit\/karma-xt-vtt-electrique\/\"]}]},{\"@type\":\"ImageObject\",\"inLanguage\":\"es\",\"@id\":\"https:\/\/lacyclerie-moliets.fr\/produit\/karma-xt-vtt-electrique\/#primaryimage\",\"url\":\"https:\/\/lacyclerie-moliets.fr\/wp-content\/uploads\/2023\/05\/Karma-XC-Boost-4.1-Brilliant-olive-green.png\",\"contentUrl\":\"https:\/\/lacyclerie-moliets.fr\/wp-content\/uploads\/2023\/05\/Karma-XC-Boost-4.1-Brilliant-olive-green.png\",\"width\":1024,\"height\":689,\"caption\":\"VTT \u00e9lectrique alliant puissance et performance.\"},{\"@type\":\"BreadcrumbList\",\"@id\":\"https:\/\/lacyclerie-moliets.fr\/produit\/karma-xt-vtt-electrique\/#breadcrumb\",\"itemListElement\":[{\"@type\":\"ListItem\",\"position\":1,\"name\":\"Accueil\",\"item\":\"https:\/\/lacyclerie-moliets.fr\/\"},{\"@type\":\"ListItem\",\"position\":2,\"name\":\"Boutique\",\"item\":\"https:\/\/lacyclerie-moliets.fr\/boutique\/\"},{\"@type\":\"ListItem\",\"position\":3,\"name\":\"KARMA XT (VTT \u00e9lectrique)\"}]},{\"@type\":\"WebSite\",\"@id\":\"https:\/\/lacyclerie-moliets.fr\/#website\",\"url\":\"https:\/\/lacyclerie-moliets.fr\/\",\"name\":\"La Cyclerie Moliets\",\"description\":\"Votre location de v\u00e9lo \u00e0 Moliets-et-Maa\",\"publisher\":{\"@id\":\"https:\/\/lacyclerie-moliets.fr\/#organization\"},\"potentialAction\":[{\"@type\":\"SearchAction\",\"target\":{\"@type\":\"EntryPoint\",\"urlTemplate\":\"https:\/\/lacyclerie-moliets.fr\/?s={search_term_string}\"},\"query-input\":{\"@type\":\"PropertyValueSpecification\",\"valueRequired\":true,\"valueName\":\"search_term_string\"}}],\"inLanguage\":\"es\"},{\"@type\":\"Organization\",\"@id\":\"https:\/\/lacyclerie-moliets.fr\/#organization\",\"name\":\"La Cyclerie Moliets\",\"url\":\"https:\/\/lacyclerie-moliets.fr\/\",\"logo\":{\"@type\":\"ImageObject\",\"inLanguage\":\"es\",\"@id\":\"https:\/\/lacyclerie-moliets.fr\/#\/schema\/logo\/image\/\",\"url\":\"https:\/\/lacyclerie-moliets.fr\/wp-content\/uploads\/2021\/08\/logos-la_cyclerie_moliets-negatif.png\",\"contentUrl\":\"https:\/\/lacyclerie-moliets.fr\/wp-content\/uploads\/2021\/08\/logos-la_cyclerie_moliets-negatif.png\",\"width\":1182,\"height\":1182,\"caption\":\"La Cyclerie Moliets\"},\"image\":{\"@id\":\"https:\/\/lacyclerie-moliets.fr\/#\/schema\/logo\/image\/\"}}]}<\/script>\n<!-- \/ Yoast SEO plugin. -->","yoast_head_json":{"title":"KARMA XT (VTT \u00e9lectrique) - La Cyclerie Moliets","robots":{"index":"noindex","follow":"follow"},"og_locale":"es_ES","og_type":"article","og_title":"KARMA XT (VTT \u00e9lectrique) - La Cyclerie Moliets","og_description":"Nouveaut\u00e9 2021 ! Difficile d\u2019imaginer une sortie VTT dans les Landes sans notre Karma XC. Ce VTTAE semi-rigide est le mod\u00e8le id\u00e9al pour profiter de tous les types de chemins tout en b\u00e9n\u00e9ficiant d\u2019un confort et d\u2019une puissance maximum. Gr\u00e2ce \u00e0 son assistance Shimano explorez de fond en combles nos for\u00eats landaises !","og_url":"https:\/\/lacyclerie-moliets.fr\/es\/producto\/karma-xt-vtt-electrique\/","og_site_name":"La Cyclerie Moliets","article_modified_time":"2024-06-24T17:41:16+00:00","og_image":[{"width":1024,"height":689,"url":"https:\/\/lacyclerie-moliets.fr\/wp-content\/uploads\/2023\/05\/Karma-XC-Boost-4.1-Brilliant-olive-green.png","type":"image\/png"}],"twitter_card":"summary_large_image","schema":{"@context":"https:\/\/schema.org","@graph":[{"@type":"WebPage","@id":"https:\/\/lacyclerie-moliets.fr\/produit\/karma-xt-vtt-electrique\/","url":"https:\/\/lacyclerie-moliets.fr\/produit\/karma-xt-vtt-electrique\/","name":"KARMA XT (VTT \u00e9lectrique) - La Cyclerie Moliets","isPartOf":{"@id":"https:\/\/lacyclerie-moliets.fr\/#website"},"primaryImageOfPage":{"@id":"https:\/\/lacyclerie-moliets.fr\/produit\/karma-xt-vtt-electrique\/#primaryimage"},"image":{"@id":"https:\/\/lacyclerie-moliets.fr\/produit\/karma-xt-vtt-electrique\/#primaryimage"},"thumbnailUrl":"https:\/\/lacyclerie-moliets.fr\/wp-content\/uploads\/2023\/05\/Karma-XC-Boost-4.1-Brilliant-olive-green.png","datePublished":"2024-05-20T12:00:30+00:00","dateModified":"2024-06-24T17:41:16+00:00","breadcrumb":{"@id":"https:\/\/lacyclerie-moliets.fr\/produit\/karma-xt-vtt-electrique\/#breadcrumb"},"inLanguage":"es","potentialAction":[{"@type":"ReadAction","target":["https:\/\/lacyclerie-moliets.fr\/produit\/karma-xt-vtt-electrique\/"]}]},{"@type":"ImageObject","inLanguage":"es","@id":"https:\/\/lacyclerie-moliets.fr\/produit\/karma-xt-vtt-electrique\/#primaryimage","url":"https:\/\/lacyclerie-moliets.fr\/wp-content\/uploads\/2023\/05\/Karma-XC-Boost-4.1-Brilliant-olive-green.png","contentUrl":"https:\/\/lacyclerie-moliets.fr\/wp-content\/uploads\/2023\/05\/Karma-XC-Boost-4.1-Brilliant-olive-green.png","width":1024,"height":689,"caption":"VTT \u00e9lectrique alliant puissance et performance."},{"@type":"BreadcrumbList","@id":"https:\/\/lacyclerie-moliets.fr\/produit\/karma-xt-vtt-electrique\/#breadcrumb","itemListElement":[{"@type":"ListItem","position":1,"name":"Accueil","item":"https:\/\/lacyclerie-moliets.fr\/"},{"@type":"ListItem","position":2,"name":"Boutique","item":"https:\/\/lacyclerie-moliets.fr\/boutique\/"},{"@type":"ListItem","position":3,"name":"KARMA XT (VTT \u00e9lectrique)"}]},{"@type":"WebSite","@id":"https:\/\/lacyclerie-moliets.fr\/#website","url":"https:\/\/lacyclerie-moliets.fr\/","name":"La Cyclerie Moliets","description":"Votre location de v\u00e9lo \u00e0 Moliets-et-Maa","publisher":{"@id":"https:\/\/lacyclerie-moliets.fr\/#organization"},"potentialAction":[{"@type":"SearchAction","target":{"@type":"EntryPoint","urlTemplate":"https:\/\/lacyclerie-moliets.fr\/?s={search_term_string}"},"query-input":{"@type":"PropertyValueSpecification","valueRequired":true,"valueName":"search_term_string"}}],"inLanguage":"es"},{"@type":"Organization","@id":"https:\/\/lacyclerie-moliets.fr\/#organization","name":"La Cyclerie Moliets","url":"https:\/\/lacyclerie-moliets.fr\/","logo":{"@type":"ImageObject","inLanguage":"es","@id":"https:\/\/lacyclerie-moliets.fr\/#\/schema\/logo\/image\/","url":"https:\/\/lacyclerie-moliets.fr\/wp-content\/uploads\/2021\/08\/logos-la_cyclerie_moliets-negatif.png","contentUrl":"https:\/\/lacyclerie-moliets.fr\/wp-content\/uploads\/2021\/08\/logos-la_cyclerie_moliets-negatif.png","width":1182,"height":1182,"caption":"La Cyclerie Moliets"},"image":{"@id":"https:\/\/lacyclerie-moliets.fr\/#\/schema\/logo\/image\/"}}]}},"_links":{"self":[{"href":"https:\/\/lacyclerie-moliets.fr\/es\/wp-json\/wp\/v2\/product\/1812","targetHints":{"allow":["GET"]}}],"collection":[{"href":"https:\/\/lacyclerie-moliets.fr\/es\/wp-json\/wp\/v2\/product"}],"about":[{"href":"https:\/\/lacyclerie-moliets.fr\/es\/wp-json\/wp\/v2\/types\/product"}],"wp:featuredmedia":[{"embeddable":true,"href":"https:\/\/lacyclerie-moliets.fr\/es\/wp-json\/wp\/v2\/media\/1411"}],"wp:attachment":[{"href":"https:\/\/lacyclerie-moliets.fr\/es\/wp-json\/wp\/v2\/media?parent=1812"}],"wp:term":[{"taxonomy":"product_brand","embeddable":true,"href":"https:\/\/lacyclerie-moliets.fr\/es\/wp-json\/wp\/v2\/product_brand?post=1812"},{"taxonomy":"product_cat","embeddable":true,"href":"https:\/\/lacyclerie-moliets.fr\/es\/wp-json\/wp\/v2\/product_cat?post=1812"},{"taxonomy":"product_tag","embeddable":true,"href":"https:\/\/lacyclerie-moliets.fr\/es\/wp-json\/wp\/v2\/product_tag?post=1812"}],"curies":[{"name":"wp","href":"https:\/\/api.w.org\/{rel}","templated":true}]}}