{"id":1808,"date":"2024-05-20T12:00:30","date_gmt":"2024-05-20T12:00:30","guid":{"rendered":"https:\/\/lacyclerie-moliets.fr\/produit\/fregate-vtc-28\/"},"modified":"2025-07-18T07:06:32","modified_gmt":"2025-07-18T07:06:32","slug":"fregate-vtc-28","status":"publish","type":"product","link":"https:\/\/lacyclerie-moliets.fr\/en\/product\/fregate-vtc-28\/","title":{"rendered":"Fr\u00e9gate (VTC 28&Prime;)"},"content":{"rendered":"","protected":false},"excerpt":{"rendered":"<p>The cycle that combines elegance and performance. The Fr\u00e9gate is ideal for longer journeys with less effort. If you really want to explore the V\u00e9lodyss\u00e9e from Contis to Hossegor (without passing through Corsica), choose this bike for your hire.<\/p>","protected":false},"featured_media":1009,"template":"","meta":{"_monsterinsights_skip_tracking":false,"_monsterinsights_sitenote_active":false,"_monsterinsights_sitenote_note":"","_monsterinsights_sitenote_category":0,"site-sidebar-layout":"default","site-content-layout":"","ast-site-content-layout":"default","site-content-style":"default","site-sidebar-style":"default","ast-global-header-display":"","ast-banner-title-visibility":"","ast-main-header-display":"","ast-hfb-above-header-display":"","ast-hfb-below-header-display":"","ast-hfb-mobile-header-display":"","site-post-title":"","ast-breadcrumbs-content":"","ast-featured-img":"","footer-sml-layout":"","ast-disable-related-posts":"","theme-transparent-header-meta":"default","adv-header-id-meta":"","stick-header-meta":"","header-above-stick-meta":"","header-main-stick-meta":"","header-below-stick-meta":"","astra-migrate-meta-layouts":"set","ast-page-background-enabled":"default","ast-page-background-meta":{"desktop":{"background-color":"var(--ast-global-color-4)","background-image":"","background-repeat":"repeat","background-position":"center center","background-size":"auto","background-attachment":"scroll","background-type":"","background-media":"","overlay-type":"","overlay-color":"","overlay-opacity":"","overlay-gradient":""},"tablet":{"background-color":"","background-image":"","background-repeat":"repeat","background-position":"center center","background-size":"auto","background-attachment":"scroll","background-type":"","background-media":"","overlay-type":"","overlay-color":"","overlay-opacity":"","overlay-gradient":""},"mobile":{"background-color":"","background-image":"","background-repeat":"repeat","background-position":"center center","background-size":"auto","background-attachment":"scroll","background-type":"","background-media":"","overlay-type":"","overlay-color":"","overlay-opacity":"","overlay-gradient":""}},"ast-content-background-meta":{"desktop":{"background-color":"var(--ast-global-color-5)","background-image":"","background-repeat":"repeat","background-position":"center center","background-size":"auto","background-attachment":"scroll","background-type":"","background-media":"","overlay-type":"","overlay-color":"","overlay-opacity":"","overlay-gradient":""},"tablet":{"background-color":"var(--ast-global-color-5)","background-image":"","background-repeat":"repeat","background-position":"center center","background-size":"auto","background-attachment":"scroll","background-type":"","background-media":"","overlay-type":"","overlay-color":"","overlay-opacity":"","overlay-gradient":""},"mobile":{"background-color":"var(--ast-global-color-5)","background-image":"","background-repeat":"repeat","background-position":"center center","background-size":"auto","background-attachment":"scroll","background-type":"","background-media":"","overlay-type":"","overlay-color":"","overlay-opacity":"","overlay-gradient":""}}},"product_brand":[],"product_cat":[50],"product_tag":[],"class_list":{"0":"post-1808","1":"product","2":"type-product","3":"status-publish","4":"has-post-thumbnail","6":"product_cat-non-classe","7":"desktop-align-left","8":"tablet-align-left","9":"mobile-align-left","11":"first","12":"instock","13":"shipping-taxable","14":"purchasable","15":"product-type-simple"},"yoast_head":"<!-- This site is optimized with the Yoast SEO plugin v27.0 - https:\/\/yoast.com\/product\/yoast-seo-wordpress\/ -->\n<title>Fr\u00e9gate (VTC 28&quot;) - La Cyclerie Moliets<\/title>\n<meta name=\"robots\" content=\"noindex, follow\" \/>\n<meta property=\"og:locale\" content=\"en_GB\" \/>\n<meta property=\"og:type\" content=\"article\" \/>\n<meta property=\"og:title\" content=\"Fr\u00e9gate (VTC 28&quot;) - La Cyclerie Moliets\" \/>\n<meta property=\"og:description\" content=\"Le cycle qui allie \u00e9l\u00e9gance et performance. Le Fr\u00e9gate est id\u00e9al pour des trajets plus longs avec moins d\u2019efforts \u00e0 fournir. Pour vraiment explorer la V\u00e9lodyss\u00e9e de Contis jusqu\u2019\u00e0 Hossegor (sans passer par la Corse), choisissez ce v\u00e9lo pour votre location.\" \/>\n<meta property=\"og:url\" content=\"https:\/\/lacyclerie-moliets.fr\/en\/product\/fregate-vtc-28\/\" \/>\n<meta property=\"og:site_name\" content=\"La Cyclerie Moliets\" \/>\n<meta property=\"article:modified_time\" content=\"2025-07-18T07:06:32+00:00\" \/>\n<meta property=\"og:image\" content=\"https:\/\/lacyclerie-moliets.fr\/wp-content\/uploads\/2022\/12\/VTC-femme-Moliets.png\" \/>\n\t<meta property=\"og:image:width\" content=\"800\" \/>\n\t<meta property=\"og:image:height\" content=\"542\" \/>\n\t<meta property=\"og:image:type\" content=\"image\/png\" \/>\n<meta name=\"twitter:card\" content=\"summary_large_image\" \/>\n<script type=\"application\/ld+json\" class=\"yoast-schema-graph\">{\"@context\":\"https:\/\/schema.org\",\"@graph\":[{\"@type\":\"WebPage\",\"@id\":\"https:\/\/lacyclerie-moliets.fr\/produit\/fregate-vtc-28\/\",\"url\":\"https:\/\/lacyclerie-moliets.fr\/produit\/fregate-vtc-28\/\",\"name\":\"Fr\u00e9gate (VTC 28\\\") - La Cyclerie Moliets\",\"isPartOf\":{\"@id\":\"https:\/\/lacyclerie-moliets.fr\/#website\"},\"primaryImageOfPage\":{\"@id\":\"https:\/\/lacyclerie-moliets.fr\/produit\/fregate-vtc-28\/#primaryimage\"},\"image\":{\"@id\":\"https:\/\/lacyclerie-moliets.fr\/produit\/fregate-vtc-28\/#primaryimage\"},\"thumbnailUrl\":\"https:\/\/lacyclerie-moliets.fr\/wp-content\/uploads\/2022\/12\/VTC-femme-Moliets.png\",\"datePublished\":\"2024-05-20T12:00:30+00:00\",\"dateModified\":\"2025-07-18T07:06:32+00:00\",\"breadcrumb\":{\"@id\":\"https:\/\/lacyclerie-moliets.fr\/produit\/fregate-vtc-28\/#breadcrumb\"},\"inLanguage\":\"en-GB\",\"potentialAction\":[{\"@type\":\"ReadAction\",\"target\":[\"https:\/\/lacyclerie-moliets.fr\/produit\/fregate-vtc-28\/\"]}]},{\"@type\":\"ImageObject\",\"inLanguage\":\"en-GB\",\"@id\":\"https:\/\/lacyclerie-moliets.fr\/produit\/fregate-vtc-28\/#primaryimage\",\"url\":\"https:\/\/lacyclerie-moliets.fr\/wp-content\/uploads\/2022\/12\/VTC-femme-Moliets.png\",\"contentUrl\":\"https:\/\/lacyclerie-moliets.fr\/wp-content\/uploads\/2022\/12\/VTC-femme-Moliets.png\",\"width\":800,\"height\":542,\"caption\":\"Parcourez toutes les pistes cyclables Landaises avec notre VTC.\"},{\"@type\":\"BreadcrumbList\",\"@id\":\"https:\/\/lacyclerie-moliets.fr\/produit\/fregate-vtc-28\/#breadcrumb\",\"itemListElement\":[{\"@type\":\"ListItem\",\"position\":1,\"name\":\"Accueil\",\"item\":\"https:\/\/lacyclerie-moliets.fr\/\"},{\"@type\":\"ListItem\",\"position\":2,\"name\":\"Boutique\",\"item\":\"https:\/\/lacyclerie-moliets.fr\/boutique\/\"},{\"@type\":\"ListItem\",\"position\":3,\"name\":\"Fr\u00e9gate (VTC 28&Prime;)\"}]},{\"@type\":\"WebSite\",\"@id\":\"https:\/\/lacyclerie-moliets.fr\/#website\",\"url\":\"https:\/\/lacyclerie-moliets.fr\/\",\"name\":\"La Cyclerie Moliets\",\"description\":\"Votre location de v\u00e9lo \u00e0 Moliets-et-Maa\",\"publisher\":{\"@id\":\"https:\/\/lacyclerie-moliets.fr\/#organization\"},\"potentialAction\":[{\"@type\":\"SearchAction\",\"target\":{\"@type\":\"EntryPoint\",\"urlTemplate\":\"https:\/\/lacyclerie-moliets.fr\/?s={search_term_string}\"},\"query-input\":{\"@type\":\"PropertyValueSpecification\",\"valueRequired\":true,\"valueName\":\"search_term_string\"}}],\"inLanguage\":\"en-GB\"},{\"@type\":\"Organization\",\"@id\":\"https:\/\/lacyclerie-moliets.fr\/#organization\",\"name\":\"La Cyclerie Moliets\",\"url\":\"https:\/\/lacyclerie-moliets.fr\/\",\"logo\":{\"@type\":\"ImageObject\",\"inLanguage\":\"en-GB\",\"@id\":\"https:\/\/lacyclerie-moliets.fr\/#\/schema\/logo\/image\/\",\"url\":\"https:\/\/lacyclerie-moliets.fr\/wp-content\/uploads\/2021\/08\/logos-la_cyclerie_moliets-negatif.png\",\"contentUrl\":\"https:\/\/lacyclerie-moliets.fr\/wp-content\/uploads\/2021\/08\/logos-la_cyclerie_moliets-negatif.png\",\"width\":1182,\"height\":1182,\"caption\":\"La Cyclerie Moliets\"},\"image\":{\"@id\":\"https:\/\/lacyclerie-moliets.fr\/#\/schema\/logo\/image\/\"}}]}<\/script>\n<!-- \/ Yoast SEO plugin. -->","yoast_head_json":{"title":"Fr\u00e9gate (VTC 28\") - La Cyclerie Moliets","robots":{"index":"noindex","follow":"follow"},"og_locale":"en_GB","og_type":"article","og_title":"Fr\u00e9gate (VTC 28\") - La Cyclerie Moliets","og_description":"Le cycle qui allie \u00e9l\u00e9gance et performance. Le Fr\u00e9gate est id\u00e9al pour des trajets plus longs avec moins d\u2019efforts \u00e0 fournir. Pour vraiment explorer la V\u00e9lodyss\u00e9e de Contis jusqu\u2019\u00e0 Hossegor (sans passer par la Corse), choisissez ce v\u00e9lo pour votre location.","og_url":"https:\/\/lacyclerie-moliets.fr\/en\/product\/fregate-vtc-28\/","og_site_name":"La Cyclerie Moliets","article_modified_time":"2025-07-18T07:06:32+00:00","og_image":[{"width":800,"height":542,"url":"https:\/\/lacyclerie-moliets.fr\/wp-content\/uploads\/2022\/12\/VTC-femme-Moliets.png","type":"image\/png"}],"twitter_card":"summary_large_image","schema":{"@context":"https:\/\/schema.org","@graph":[{"@type":"WebPage","@id":"https:\/\/lacyclerie-moliets.fr\/produit\/fregate-vtc-28\/","url":"https:\/\/lacyclerie-moliets.fr\/produit\/fregate-vtc-28\/","name":"Fr\u00e9gate (VTC 28\") - La Cyclerie Moliets","isPartOf":{"@id":"https:\/\/lacyclerie-moliets.fr\/#website"},"primaryImageOfPage":{"@id":"https:\/\/lacyclerie-moliets.fr\/produit\/fregate-vtc-28\/#primaryimage"},"image":{"@id":"https:\/\/lacyclerie-moliets.fr\/produit\/fregate-vtc-28\/#primaryimage"},"thumbnailUrl":"https:\/\/lacyclerie-moliets.fr\/wp-content\/uploads\/2022\/12\/VTC-femme-Moliets.png","datePublished":"2024-05-20T12:00:30+00:00","dateModified":"2025-07-18T07:06:32+00:00","breadcrumb":{"@id":"https:\/\/lacyclerie-moliets.fr\/produit\/fregate-vtc-28\/#breadcrumb"},"inLanguage":"en-GB","potentialAction":[{"@type":"ReadAction","target":["https:\/\/lacyclerie-moliets.fr\/produit\/fregate-vtc-28\/"]}]},{"@type":"ImageObject","inLanguage":"en-GB","@id":"https:\/\/lacyclerie-moliets.fr\/produit\/fregate-vtc-28\/#primaryimage","url":"https:\/\/lacyclerie-moliets.fr\/wp-content\/uploads\/2022\/12\/VTC-femme-Moliets.png","contentUrl":"https:\/\/lacyclerie-moliets.fr\/wp-content\/uploads\/2022\/12\/VTC-femme-Moliets.png","width":800,"height":542,"caption":"Parcourez toutes les pistes cyclables Landaises avec notre VTC."},{"@type":"BreadcrumbList","@id":"https:\/\/lacyclerie-moliets.fr\/produit\/fregate-vtc-28\/#breadcrumb","itemListElement":[{"@type":"ListItem","position":1,"name":"Accueil","item":"https:\/\/lacyclerie-moliets.fr\/"},{"@type":"ListItem","position":2,"name":"Boutique","item":"https:\/\/lacyclerie-moliets.fr\/boutique\/"},{"@type":"ListItem","position":3,"name":"Fr\u00e9gate (VTC 28&Prime;)"}]},{"@type":"WebSite","@id":"https:\/\/lacyclerie-moliets.fr\/#website","url":"https:\/\/lacyclerie-moliets.fr\/","name":"La Cyclerie Moliets","description":"Votre location de v\u00e9lo \u00e0 Moliets-et-Maa","publisher":{"@id":"https:\/\/lacyclerie-moliets.fr\/#organization"},"potentialAction":[{"@type":"SearchAction","target":{"@type":"EntryPoint","urlTemplate":"https:\/\/lacyclerie-moliets.fr\/?s={search_term_string}"},"query-input":{"@type":"PropertyValueSpecification","valueRequired":true,"valueName":"search_term_string"}}],"inLanguage":"en-GB"},{"@type":"Organization","@id":"https:\/\/lacyclerie-moliets.fr\/#organization","name":"La Cyclerie Moliets","url":"https:\/\/lacyclerie-moliets.fr\/","logo":{"@type":"ImageObject","inLanguage":"en-GB","@id":"https:\/\/lacyclerie-moliets.fr\/#\/schema\/logo\/image\/","url":"https:\/\/lacyclerie-moliets.fr\/wp-content\/uploads\/2021\/08\/logos-la_cyclerie_moliets-negatif.png","contentUrl":"https:\/\/lacyclerie-moliets.fr\/wp-content\/uploads\/2021\/08\/logos-la_cyclerie_moliets-negatif.png","width":1182,"height":1182,"caption":"La Cyclerie Moliets"},"image":{"@id":"https:\/\/lacyclerie-moliets.fr\/#\/schema\/logo\/image\/"}}]}},"_links":{"self":[{"href":"https:\/\/lacyclerie-moliets.fr\/en\/wp-json\/wp\/v2\/product\/1808","targetHints":{"allow":["GET"]}}],"collection":[{"href":"https:\/\/lacyclerie-moliets.fr\/en\/wp-json\/wp\/v2\/product"}],"about":[{"href":"https:\/\/lacyclerie-moliets.fr\/en\/wp-json\/wp\/v2\/types\/product"}],"wp:featuredmedia":[{"embeddable":true,"href":"https:\/\/lacyclerie-moliets.fr\/en\/wp-json\/wp\/v2\/media\/1009"}],"wp:attachment":[{"href":"https:\/\/lacyclerie-moliets.fr\/en\/wp-json\/wp\/v2\/media?parent=1808"}],"wp:term":[{"taxonomy":"product_brand","embeddable":true,"href":"https:\/\/lacyclerie-moliets.fr\/en\/wp-json\/wp\/v2\/product_brand?post=1808"},{"taxonomy":"product_cat","embeddable":true,"href":"https:\/\/lacyclerie-moliets.fr\/en\/wp-json\/wp\/v2\/product_cat?post=1808"},{"taxonomy":"product_tag","embeddable":true,"href":"https:\/\/lacyclerie-moliets.fr\/en\/wp-json\/wp\/v2\/product_tag?post=1808"}],"curies":[{"name":"wp","href":"https:\/\/api.w.org\/{rel}","templated":true}]}}